{"id":10,"date":"2024-02-27T06:27:20","date_gmt":"2024-02-27T05:27:20","guid":{"rendered":"https:\/\/audrey-bart-gaudino-sage-femme.com\/?page_id=10"},"modified":"2024-02-27T16:15:45","modified_gmt":"2024-02-27T15:15:45","slug":"preparation-a-la-naissance","status":"publish","type":"page","link":"https:\/\/audrey-bart-gaudino-sage-femme.com\/index.php\/preparation-a-la-naissance\/","title":{"rendered":"PREPARATION A\u00a0LA NAISSANCE\u00a0"},"content":{"rendered":"\n<p class=\"has-text-align-left\">Lors des s\u00e9ances de pr\u00e9paration \u00e0 la naissance et \u00e0 la parentalit\u00e9, la sage-femme suit les futurs parents.&nbsp;&nbsp;<\/p>\n\n\n\n<p class=\"has-text-align-left\">L&#8217;arriv\u00e9e d&#8217;un b\u00e9b\u00e9 peut soulever de nombreuses questions. Les cours de pr\u00e9paration \u00e0 la naissance et \u00e0 la parentalit\u00e9 sont l\u2019occasion d\u2019y r\u00e9pondre et de vous donner les clefs pour aborder une grossesse, un accouchement et un retour \u00e0 la maison de mani\u00e8re plus sereine.<\/p>\n\n\n\n<p class=\"has-text-align-left\">La premi\u00e8re s\u00e9ance de pr\u00e9paration \u00e0 la naissance est l&#8217;entretien pr\u00e9natal pr\u00e9coce, qui peut \u00eatre r\u00e9alis\u00e9 d\u00e8s le 4\u00e8me mois de grossesse. Il permet de mettre en lumi\u00e8re vos inqui\u00e9tudes et vos attentes vis \u00e0 vis de la pr\u00e9paration. Le projet de naissance sera au coeur&nbsp;des \u00e9changes entre les parents et la sage femme.<\/p>\n\n\n\n<p class=\"has-text-align-left\">&nbsp;Concr\u00e8tement, les s\u00e9ances contiennent :&nbsp;<\/p>\n\n\n\n<p class=\"has-text-align-left\">&nbsp;une information &#8220;th\u00e9orique&#8221; centr\u00e9e sur le d\u00e9roulement de la grossesse, l&#8217;accouchement et les suites des couches,<\/p>\n\n\n\n<p class=\"has-text-align-left\">&nbsp;un travail corporel alliant : &#8211; diff\u00e9rents types de respiration propos\u00e9s pendant la grossesse et lors de l&#8217;accouchement, &#8211; un travail musculaire concernant plus sp\u00e9cialement le dos, le bassin et le p\u00e9rin\u00e9e, &#8211; une relaxation.&nbsp;<\/p>\n\n\n\n<p class=\"has-text-align-left\">Lors des 8 s\u00e9ances de pr\u00e9paration \u00e0 la naissance, la sage-femme forme et informe les futurs parents sur la maternit\u00e9 : ses \u00e9tapes physiologiques et psychologiques l\u2019accouchement : son d\u00e9roulement, le travail musculaire et respiratoire, l\u2019anesth\u00e9sie p\u00e9ridurale le retour \u00e0 la maison : pour lequel elle donne des conseils pratiques en mati\u00e8re d\u2019hygi\u00e8ne, d\u2019allaitement et de pr\u00e9vention des risques .<\/p>\n","protected":false},"excerpt":{"rendered":"<p>Lors des s\u00e9ances de pr\u00e9paration \u00e0 la naissance et \u00e0 la parentalit\u00e9, la sage-femme suit les futurs parents.&nbsp;&nbsp; L&#8217;arriv\u00e9e d&#8217;un b\u00e9b\u00e9 peut soulever de nombreuses<\/p>\n","protected":false},"author":1,"featured_media":0,"parent":0,"menu_order":0,"comment_status":"closed","ping_status":"closed","template":"","meta":{"footnotes":""},"class_list":["post-10","page","type-page","status-publish","hentry"],"_links":{"self":[{"href":"https:\/\/audrey-bart-gaudino-sage-femme.com\/index.php\/wp-json\/wp\/v2\/pages\/10","targetHints":{"allow":["GET"]}}],"collection":[{"href":"https:\/\/audrey-bart-gaudino-sage-femme.com\/index.php\/wp-json\/wp\/v2\/pages"}],"about":[{"href":"https:\/\/audrey-bart-gaudino-sage-femme.com\/index.php\/wp-json\/wp\/v2\/types\/page"}],"author":[{"embeddable":true,"href":"https:\/\/audrey-bart-gaudino-sage-femme.com\/index.php\/wp-json\/wp\/v2\/users\/1"}],"replies":[{"embeddable":true,"href":"https:\/\/audrey-bart-gaudino-sage-femme.com\/index.php\/wp-json\/wp\/v2\/comments?post=10"}],"version-history":[{"count":2,"href":"https:\/\/audrey-bart-gaudino-sage-femme.com\/index.php\/wp-json\/wp\/v2\/pages\/10\/revisions"}],"predecessor-version":[{"id":148,"href":"https:\/\/audrey-bart-gaudino-sage-femme.com\/index.php\/wp-json\/wp\/v2\/pages\/10\/revisions\/148"}],"wp:attachment":[{"href":"https:\/\/audrey-bart-gaudino-sage-femme.com\/index.php\/wp-json\/wp\/v2\/media?parent=10"}],"curies":[{"name":"wp","href":"https:\/\/api.w.org\/{rel}","templated":true}]}}