{"id":12,"date":"2024-02-27T06:28:07","date_gmt":"2024-02-27T05:28:07","guid":{"rendered":"https:\/\/audrey-bart-gaudino-sage-femme.com\/?page_id=12"},"modified":"2024-02-27T15:51:44","modified_gmt":"2024-02-27T14:51:44","slug":"suivi-postnatal","status":"publish","type":"page","link":"https:\/\/audrey-bart-gaudino-sage-femme.com\/index.php\/suivi-postnatal\/","title":{"rendered":"SUIVI POSTNATAL"},"content":{"rendered":"\n<p class=\"has-text-align-left\">&#8221; La sage-femme assure le suivi m\u00e9dical de la m\u00e8re et du b\u00e9b\u00e9 au retour \u00e0 la maison et surtout si celui-ci est pr\u00e9coce. Ce suivi peut \u00eatre r\u00e9alis\u00e9 au domicile ou en cabinet et comprend l&#8217;examen clinique de la maman, l&#8217;accompagnement de l&#8217;alimentation au sein ou au biberon et la surveillance du bon d\u00e9veloppement du nouveau-n\u00e9.<\/p>\n\n\n\n<p class=\"has-text-align-left\">Ce suivi est pris&nbsp;en charge \u00e0 100 % &nbsp;et vous conservez la dispense d\u2019avance des frais (tiers payant) sur la partie prise en charge par la S\u00e9curit\u00e9 sociale jusqu&#8217;au 12e jour apr\u00e8s la naissance.<\/p>\n\n\n\n<p class=\"has-text-align-left\">Elle r\u00e9alise \u00e9galement l\u2019examen postnatal de la m\u00e8re dans les 2 mois qui suivent la naissance&nbsp;<\/p>\n","protected":false},"excerpt":{"rendered":"<p>&#8221; La sage-femme assure le suivi m\u00e9dical de la m\u00e8re et du b\u00e9b\u00e9 au retour \u00e0 la maison et surtout si celui-ci est pr\u00e9coce. Ce<\/p>\n","protected":false},"author":1,"featured_media":0,"parent":0,"menu_order":0,"comment_status":"closed","ping_status":"closed","template":"","meta":{"footnotes":""},"class_list":["post-12","page","type-page","status-publish","hentry"],"_links":{"self":[{"href":"https:\/\/audrey-bart-gaudino-sage-femme.com\/index.php\/wp-json\/wp\/v2\/pages\/12","targetHints":{"allow":["GET"]}}],"collection":[{"href":"https:\/\/audrey-bart-gaudino-sage-femme.com\/index.php\/wp-json\/wp\/v2\/pages"}],"about":[{"href":"https:\/\/audrey-bart-gaudino-sage-femme.com\/index.php\/wp-json\/wp\/v2\/types\/page"}],"author":[{"embeddable":true,"href":"https:\/\/audrey-bart-gaudino-sage-femme.com\/index.php\/wp-json\/wp\/v2\/users\/1"}],"replies":[{"embeddable":true,"href":"https:\/\/audrey-bart-gaudino-sage-femme.com\/index.php\/wp-json\/wp\/v2\/comments?post=12"}],"version-history":[{"count":2,"href":"https:\/\/audrey-bart-gaudino-sage-femme.com\/index.php\/wp-json\/wp\/v2\/pages\/12\/revisions"}],"predecessor-version":[{"id":153,"href":"https:\/\/audrey-bart-gaudino-sage-femme.com\/index.php\/wp-json\/wp\/v2\/pages\/12\/revisions\/153"}],"wp:attachment":[{"href":"https:\/\/audrey-bart-gaudino-sage-femme.com\/index.php\/wp-json\/wp\/v2\/media?parent=12"}],"curies":[{"name":"wp","href":"https:\/\/api.w.org\/{rel}","templated":true}]}}