{"id":14,"date":"2024-02-27T06:28:59","date_gmt":"2024-02-27T05:28:59","guid":{"rendered":"https:\/\/audrey-bart-gaudino-sage-femme.com\/?page_id=14"},"modified":"2024-02-27T16:16:38","modified_gmt":"2024-02-27T15:16:38","slug":"suivi-gynecologique","status":"publish","type":"page","link":"https:\/\/audrey-bart-gaudino-sage-femme.com\/index.php\/suivi-gynecologique\/","title":{"rendered":"SUIVI GYNECOLOGIQUE"},"content":{"rendered":"\n<p class=\"has-text-align-left\">La sage-femme assure le suivi gyn\u00e9cologique de la femme en bonne sant\u00e9 et l\u2019oriente vers un m\u00e9decin lorsqu\u2019elle d\u00e9piste une pathologie. De consultation en consultation, vous pourrez aborder avec elle toute question concernant la sexualit\u00e9, la contraception, les infections sexuellement transmissibles. La sage-femme r\u00e9alise un examen clinique et proc\u00e8de \u00e0 aux&nbsp; d\u00e9pistages des cancers f\u00e9minins (frottis du col, examen des seins\u2026).&nbsp;<\/p>\n","protected":false},"excerpt":{"rendered":"<p>La sage-femme assure le suivi gyn\u00e9cologique de la femme en bonne sant\u00e9 et l\u2019oriente vers un m\u00e9decin lorsqu\u2019elle d\u00e9piste une pathologie. De consultation en consultation,<\/p>\n","protected":false},"author":1,"featured_media":0,"parent":0,"menu_order":0,"comment_status":"closed","ping_status":"closed","template":"","meta":{"footnotes":""},"class_list":["post-14","page","type-page","status-publish","hentry"],"_links":{"self":[{"href":"https:\/\/audrey-bart-gaudino-sage-femme.com\/index.php\/wp-json\/wp\/v2\/pages\/14","targetHints":{"allow":["GET"]}}],"collection":[{"href":"https:\/\/audrey-bart-gaudino-sage-femme.com\/index.php\/wp-json\/wp\/v2\/pages"}],"about":[{"href":"https:\/\/audrey-bart-gaudino-sage-femme.com\/index.php\/wp-json\/wp\/v2\/types\/page"}],"author":[{"embeddable":true,"href":"https:\/\/audrey-bart-gaudino-sage-femme.com\/index.php\/wp-json\/wp\/v2\/users\/1"}],"replies":[{"embeddable":true,"href":"https:\/\/audrey-bart-gaudino-sage-femme.com\/index.php\/wp-json\/wp\/v2\/comments?post=14"}],"version-history":[{"count":2,"href":"https:\/\/audrey-bart-gaudino-sage-femme.com\/index.php\/wp-json\/wp\/v2\/pages\/14\/revisions"}],"predecessor-version":[{"id":151,"href":"https:\/\/audrey-bart-gaudino-sage-femme.com\/index.php\/wp-json\/wp\/v2\/pages\/14\/revisions\/151"}],"wp:attachment":[{"href":"https:\/\/audrey-bart-gaudino-sage-femme.com\/index.php\/wp-json\/wp\/v2\/media?parent=14"}],"curies":[{"name":"wp","href":"https:\/\/api.w.org\/{rel}","templated":true}]}}