{"id":16,"date":"2024-02-27T06:29:40","date_gmt":"2024-02-27T05:29:40","guid":{"rendered":"https:\/\/audrey-bart-gaudino-sage-femme.com\/?page_id=16"},"modified":"2024-02-27T16:14:02","modified_gmt":"2024-02-27T15:14:02","slug":"consultation-contraception","status":"publish","type":"page","link":"https:\/\/audrey-bart-gaudino-sage-femme.com\/index.php\/consultation-contraception\/","title":{"rendered":"CONSULTATION CONTRACEPTION\u00a0\u00a0"},"content":{"rendered":"\n<p class=\"has-text-align-left has-large-font-size\"><\/p>\n\n\n\n<p class=\"has-text-align-left\">La sage-femme prescrit et assure le suivi de&nbsp;<strong>tous<\/strong>&nbsp;les&nbsp;moyens contraceptifs. <br>Elle accompagne les femmes dans le choix de leur contraception.<br> Elle pose et retire les implants contraceptifs et les dispositifs intra ut\u00e9rin (st\u00e9rilets).&nbsp;<\/p>\n\n\n\n<p class=\"has-text-align-left\">Elle accompagne les jeunes filles \u00e0 partir de 15 ans dans leurs questionnements autour de la sexualit\u00e9 et de la contraception&nbsp;sans leur imposer un examen gyn\u00e9cologique.<\/p>\n","protected":false},"excerpt":{"rendered":"<p>La sage-femme prescrit et assure le suivi de&nbsp;tous&nbsp;les&nbsp;moyens contraceptifs. Elle accompagne les femmes dans le choix de leur contraception. Elle pose et retire les implants<\/p>\n","protected":false},"author":1,"featured_media":0,"parent":0,"menu_order":0,"comment_status":"closed","ping_status":"closed","template":"","meta":{"footnotes":""},"class_list":["post-16","page","type-page","status-publish","hentry"],"_links":{"self":[{"href":"https:\/\/audrey-bart-gaudino-sage-femme.com\/index.php\/wp-json\/wp\/v2\/pages\/16","targetHints":{"allow":["GET"]}}],"collection":[{"href":"https:\/\/audrey-bart-gaudino-sage-femme.com\/index.php\/wp-json\/wp\/v2\/pages"}],"about":[{"href":"https:\/\/audrey-bart-gaudino-sage-femme.com\/index.php\/wp-json\/wp\/v2\/types\/page"}],"author":[{"embeddable":true,"href":"https:\/\/audrey-bart-gaudino-sage-femme.com\/index.php\/wp-json\/wp\/v2\/users\/1"}],"replies":[{"embeddable":true,"href":"https:\/\/audrey-bart-gaudino-sage-femme.com\/index.php\/wp-json\/wp\/v2\/comments?post=16"}],"version-history":[{"count":7,"href":"https:\/\/audrey-bart-gaudino-sage-femme.com\/index.php\/wp-json\/wp\/v2\/pages\/16\/revisions"}],"predecessor-version":[{"id":161,"href":"https:\/\/audrey-bart-gaudino-sage-femme.com\/index.php\/wp-json\/wp\/v2\/pages\/16\/revisions\/161"}],"wp:attachment":[{"href":"https:\/\/audrey-bart-gaudino-sage-femme.com\/index.php\/wp-json\/wp\/v2\/media?parent=16"}],"curies":[{"name":"wp","href":"https:\/\/api.w.org\/{rel}","templated":true}]}}