{"id":18,"date":"2024-02-27T06:30:27","date_gmt":"2024-02-27T05:30:27","guid":{"rendered":"https:\/\/audrey-bart-gaudino-sage-femme.com\/?page_id=18"},"modified":"2024-02-27T16:15:58","modified_gmt":"2024-02-27T15:15:58","slug":"reeducation-perineale","status":"publish","type":"page","link":"https:\/\/audrey-bart-gaudino-sage-femme.com\/index.php\/reeducation-perineale\/","title":{"rendered":"R\u00c9EDUCATION\u00a0P\u00c9RIN\u00c9ALE"},"content":{"rendered":"\n<p class=\"has-text-align-left\">Apr\u00e8s la grossesse et l&#8217;accouchement (qu&#8217;il soit par voie basse ou par c\u00e9sarienne), le p\u00e9rin\u00e9e a g\u00e9n\u00e9ralement besoin d&#8217;\u00eatre r\u00e9\u00e9duqu\u00e9&nbsp; pour retrouver sa tonicit\u00e9 et ainsi \u00e9viter les fuites urinaires ou douleurs \u00e9ventuelles.Apr\u00e8s un bilan global avec votre sage femme, plusieurs m\u00e9thodes de r\u00e9\u00e9ducation pourront vous \u00eatre propos\u00e9es en fonction de vos besoins et de vos souhaits (technique manuelle, sonde d&#8217;\u00e9lectrostimulation, radiofr\u00e9quence, eutonie&nbsp;et m\u00e9thode De Gasquet)<\/p>\n","protected":false},"excerpt":{"rendered":"<p>Apr\u00e8s la grossesse et l&#8217;accouchement (qu&#8217;il soit par voie basse ou par c\u00e9sarienne), le p\u00e9rin\u00e9e a g\u00e9n\u00e9ralement besoin d&#8217;\u00eatre r\u00e9\u00e9duqu\u00e9&nbsp; pour retrouver sa tonicit\u00e9 et<\/p>\n","protected":false},"author":1,"featured_media":0,"parent":0,"menu_order":0,"comment_status":"closed","ping_status":"closed","template":"","meta":{"footnotes":""},"class_list":["post-18","page","type-page","status-publish","hentry"],"_links":{"self":[{"href":"https:\/\/audrey-bart-gaudino-sage-femme.com\/index.php\/wp-json\/wp\/v2\/pages\/18","targetHints":{"allow":["GET"]}}],"collection":[{"href":"https:\/\/audrey-bart-gaudino-sage-femme.com\/index.php\/wp-json\/wp\/v2\/pages"}],"about":[{"href":"https:\/\/audrey-bart-gaudino-sage-femme.com\/index.php\/wp-json\/wp\/v2\/types\/page"}],"author":[{"embeddable":true,"href":"https:\/\/audrey-bart-gaudino-sage-femme.com\/index.php\/wp-json\/wp\/v2\/users\/1"}],"replies":[{"embeddable":true,"href":"https:\/\/audrey-bart-gaudino-sage-femme.com\/index.php\/wp-json\/wp\/v2\/comments?post=18"}],"version-history":[{"count":2,"href":"https:\/\/audrey-bart-gaudino-sage-femme.com\/index.php\/wp-json\/wp\/v2\/pages\/18\/revisions"}],"predecessor-version":[{"id":149,"href":"https:\/\/audrey-bart-gaudino-sage-femme.com\/index.php\/wp-json\/wp\/v2\/pages\/18\/revisions\/149"}],"wp:attachment":[{"href":"https:\/\/audrey-bart-gaudino-sage-femme.com\/index.php\/wp-json\/wp\/v2\/media?parent=18"}],"curies":[{"name":"wp","href":"https:\/\/api.w.org\/{rel}","templated":true}]}}