{"id":2,"date":"2024-02-26T17:21:19","date_gmt":"2024-02-26T16:21:19","guid":{"rendered":"http:\/\/audrey-bart-gaudino-sage-femme.com\/?page_id=2"},"modified":"2024-02-27T19:52:54","modified_gmt":"2024-02-27T18:52:54","slug":"page-d-exemple","status":"publish","type":"page","link":"https:\/\/audrey-bart-gaudino-sage-femme.com\/","title":{"rendered":""},"content":{"rendered":"\n<figure class=\"wp-block-table aligncenter is-style-regular\" id=\"<td-style=<td-style=\"><table><tbody><tr><td class=\"has-text-align-center\" data-align=\"center\"><mark style=\"background-color:rgba(0, 0, 0, 0)\" class=\"has-inline-color has-cyan-bluish-gray-color\"><a href=\"https:\/\/audrey-bart-gaudino-sage-femme.com\/index.php\/preparation-a-la-naissance\/\"><img loading=\"lazy\" decoding=\"async\" width=\"250\" height=\"250\" class=\"wp-image-104\" style=\"width: 250px;\" src=\"http:\/\/audrey-bart-gaudino-sage-femme.com\/wp-content\/uploads\/2024\/02\/IMG_0255.jpg\" alt=\"\" srcset=\"https:\/\/audrey-bart-gaudino-sage-femme.com\/wp-content\/uploads\/2024\/02\/IMG_0255.jpg 2261w, https:\/\/audrey-bart-gaudino-sage-femme.com\/wp-content\/uploads\/2024\/02\/IMG_0255-300x300.jpg 300w, https:\/\/audrey-bart-gaudino-sage-femme.com\/wp-content\/uploads\/2024\/02\/IMG_0255-1024x1024.jpg 1024w, https:\/\/audrey-bart-gaudino-sage-femme.com\/wp-content\/uploads\/2024\/02\/IMG_0255-150x150.jpg 150w, https:\/\/audrey-bart-gaudino-sage-femme.com\/wp-content\/uploads\/2024\/02\/IMG_0255-768x768.jpg 768w, https:\/\/audrey-bart-gaudino-sage-femme.com\/wp-content\/uploads\/2024\/02\/IMG_0255-1536x1536.jpg 1536w, https:\/\/audrey-bart-gaudino-sage-femme.com\/wp-content\/uploads\/2024\/02\/IMG_0255-2048x2048.jpg 2048w\" sizes=\"auto, (max-width: 250px) 100vw, 250px\" \/><\/a><\/mark><\/td><td class=\"has-text-align-center\" data-align=\"center\"><a href=\"https:\/\/audrey-bart-gaudino-sage-femme.com\/index.php\/suivi-medical-de-votre-grossesse\/\"><img loading=\"lazy\" decoding=\"async\" width=\"250\" height=\"250\" class=\"wp-image-103\" style=\"width: 250px;\" src=\"http:\/\/audrey-bart-gaudino-sage-femme.com\/wp-content\/uploads\/2024\/02\/IMG_0216-scaled.jpg\" alt=\"\" srcset=\"https:\/\/audrey-bart-gaudino-sage-femme.com\/wp-content\/uploads\/2024\/02\/IMG_0216-scaled.jpg 2560w, https:\/\/audrey-bart-gaudino-sage-femme.com\/wp-content\/uploads\/2024\/02\/IMG_0216-300x300.jpg 300w, https:\/\/audrey-bart-gaudino-sage-femme.com\/wp-content\/uploads\/2024\/02\/IMG_0216-1024x1024.jpg 1024w, https:\/\/audrey-bart-gaudino-sage-femme.com\/wp-content\/uploads\/2024\/02\/IMG_0216-150x150.jpg 150w, https:\/\/audrey-bart-gaudino-sage-femme.com\/wp-content\/uploads\/2024\/02\/IMG_0216-768x768.jpg 768w, https:\/\/audrey-bart-gaudino-sage-femme.com\/wp-content\/uploads\/2024\/02\/IMG_0216-1536x1536.jpg 1536w, https:\/\/audrey-bart-gaudino-sage-femme.com\/wp-content\/uploads\/2024\/02\/IMG_0216-2048x2048.jpg 2048w\" sizes=\"auto, (max-width: 250px) 100vw, 250px\" \/><\/a><\/td><td class=\"has-text-align-center\" data-align=\"center\"><a href=\"https:\/\/audrey-bart-gaudino-sage-femme.com\/index.php\/suivi-postnatal\/\"><img loading=\"lazy\" decoding=\"async\" width=\"250\" height=\"250\" class=\"wp-image-165\" style=\"width: 250px;\" src=\"http:\/\/audrey-bart-gaudino-sage-femme.com\/wp-content\/uploads\/2024\/02\/4-suivi-post-nat.jpg\" alt=\"\" srcset=\"https:\/\/audrey-bart-gaudino-sage-femme.com\/wp-content\/uploads\/2024\/02\/4-suivi-post-nat.jpg 2048w, https:\/\/audrey-bart-gaudino-sage-femme.com\/wp-content\/uploads\/2024\/02\/4-suivi-post-nat-300x300.jpg 300w, https:\/\/audrey-bart-gaudino-sage-femme.com\/wp-content\/uploads\/2024\/02\/4-suivi-post-nat-1024x1024.jpg 1024w, https:\/\/audrey-bart-gaudino-sage-femme.com\/wp-content\/uploads\/2024\/02\/4-suivi-post-nat-150x150.jpg 150w, https:\/\/audrey-bart-gaudino-sage-femme.com\/wp-content\/uploads\/2024\/02\/4-suivi-post-nat-768x767.jpg 768w, https:\/\/audrey-bart-gaudino-sage-femme.com\/wp-content\/uploads\/2024\/02\/4-suivi-post-nat-1536x1536.jpg 1536w\" sizes=\"auto, (max-width: 250px) 100vw, 250px\" \/><\/a><\/td><\/tr><tr><td class=\"has-text-align-center\" data-align=\"center\"><a href=\"https:\/\/audrey-bart-gaudino-sage-femme.com\/index.php\/preparation-a-la-naissance\/\">REPARATION A LA NAISSANCE ET A LA PARENTALITE<\/a><\/td><td class=\"has-text-align-center\" data-align=\"center\"><a href=\"https:\/\/audrey-bart-gaudino-sage-femme.com\/index.php\/suivi-medical-de-votre-grossesse\/\">SUIVI M\u00c9DICAL DE VOTRE GROSSESSE<\/a><\/td><td class=\"has-text-align-center\" data-align=\"center\"><a href=\"https:\/\/audrey-bart-gaudino-sage-femme.com\/index.php\/suivi-postnatal\/\">SUIVI POSTNATAL&nbsp;<\/a><\/td><\/tr><tr><td class=\"has-text-align-center\" data-align=\"center\"><a href=\"https:\/\/audrey-bart-gaudino-sage-femme.com\/index.php\/suivi-gynecologique\/\"><img loading=\"lazy\" decoding=\"async\" width=\"250\" height=\"250\" class=\"wp-image-166\" style=\"width: 250px;\" src=\"http:\/\/audrey-bart-gaudino-sage-femme.com\/wp-content\/uploads\/2024\/02\/5-SUVI-gyneco.jpg\" alt=\"\" srcset=\"https:\/\/audrey-bart-gaudino-sage-femme.com\/wp-content\/uploads\/2024\/02\/5-SUVI-gyneco.jpg 2048w, https:\/\/audrey-bart-gaudino-sage-femme.com\/wp-content\/uploads\/2024\/02\/5-SUVI-gyneco-300x300.jpg 300w, https:\/\/audrey-bart-gaudino-sage-femme.com\/wp-content\/uploads\/2024\/02\/5-SUVI-gyneco-1024x1024.jpg 1024w, https:\/\/audrey-bart-gaudino-sage-femme.com\/wp-content\/uploads\/2024\/02\/5-SUVI-gyneco-150x150.jpg 150w, https:\/\/audrey-bart-gaudino-sage-femme.com\/wp-content\/uploads\/2024\/02\/5-SUVI-gyneco-768x768.jpg 768w, https:\/\/audrey-bart-gaudino-sage-femme.com\/wp-content\/uploads\/2024\/02\/5-SUVI-gyneco-1536x1536.jpg 1536w\" sizes=\"auto, (max-width: 250px) 100vw, 250px\" \/><\/a><\/td><td class=\"has-text-align-center\" data-align=\"center\"><a href=\"https:\/\/audrey-bart-gaudino-sage-femme.com\/index.php\/consultation-contraception\/\"><img loading=\"lazy\" decoding=\"async\" width=\"250\" height=\"250\" class=\"wp-image-105\" style=\"width: 250px;\" src=\"http:\/\/audrey-bart-gaudino-sage-femme.com\/wp-content\/uploads\/2024\/02\/IMG_0283-scaled.jpg\" alt=\"\" srcset=\"https:\/\/audrey-bart-gaudino-sage-femme.com\/wp-content\/uploads\/2024\/02\/IMG_0283-scaled.jpg 2560w, https:\/\/audrey-bart-gaudino-sage-femme.com\/wp-content\/uploads\/2024\/02\/IMG_0283-300x300.jpg 300w, https:\/\/audrey-bart-gaudino-sage-femme.com\/wp-content\/uploads\/2024\/02\/IMG_0283-1024x1024.jpg 1024w, https:\/\/audrey-bart-gaudino-sage-femme.com\/wp-content\/uploads\/2024\/02\/IMG_0283-150x150.jpg 150w, https:\/\/audrey-bart-gaudino-sage-femme.com\/wp-content\/uploads\/2024\/02\/IMG_0283-768x768.jpg 768w, https:\/\/audrey-bart-gaudino-sage-femme.com\/wp-content\/uploads\/2024\/02\/IMG_0283-1536x1536.jpg 1536w, https:\/\/audrey-bart-gaudino-sage-femme.com\/wp-content\/uploads\/2024\/02\/IMG_0283-2048x2048.jpg 2048w\" sizes=\"auto, (max-width: 250px) 100vw, 250px\" \/><\/a><\/td><td class=\"has-text-align-center\" data-align=\"center\"><a href=\"https:\/\/audrey-bart-gaudino-sage-femme.com\/index.php\/reeducation-perineale\/\"><img loading=\"lazy\" decoding=\"async\" width=\"250\" height=\"250\" class=\"wp-image-102\" style=\"width: 250px;\" src=\"http:\/\/audrey-bart-gaudino-sage-femme.com\/wp-content\/uploads\/2024\/02\/IMG_0130-scaled.jpg\" alt=\"\" srcset=\"https:\/\/audrey-bart-gaudino-sage-femme.com\/wp-content\/uploads\/2024\/02\/IMG_0130-scaled.jpg 2560w, https:\/\/audrey-bart-gaudino-sage-femme.com\/wp-content\/uploads\/2024\/02\/IMG_0130-300x300.jpg 300w, https:\/\/audrey-bart-gaudino-sage-femme.com\/wp-content\/uploads\/2024\/02\/IMG_0130-1024x1024.jpg 1024w, https:\/\/audrey-bart-gaudino-sage-femme.com\/wp-content\/uploads\/2024\/02\/IMG_0130-150x150.jpg 150w, https:\/\/audrey-bart-gaudino-sage-femme.com\/wp-content\/uploads\/2024\/02\/IMG_0130-768x768.jpg 768w, https:\/\/audrey-bart-gaudino-sage-femme.com\/wp-content\/uploads\/2024\/02\/IMG_0130-1536x1536.jpg 1536w, https:\/\/audrey-bart-gaudino-sage-femme.com\/wp-content\/uploads\/2024\/02\/IMG_0130-2048x2048.jpg 2048w\" sizes=\"auto, (max-width: 250px) 100vw, 250px\" \/><\/a><\/td><\/tr><tr><td class=\"has-text-align-center\" data-align=\"center\"><a href=\"https:\/\/audrey-bart-gaudino-sage-femme.com\/index.php\/suivi-gynecologique\/\">SUIVI GYN\u00c9COLOGIQUE<\/a><\/td><td class=\"has-text-align-center\" data-align=\"center\"><a href=\"https:\/\/audrey-bart-gaudino-sage-femme.com\/index.php\/consultation-contraception\/\">CONSULTATION CONTRACEPTION<\/a><\/td><td class=\"has-text-align-center\" data-align=\"center\"><a href=\"https:\/\/audrey-bart-gaudino-sage-femme.com\/index.php\/reeducation-perineale\/\">R\u00c9\u00c9DUCATION&nbsp;P\u00c9RIN\u00c9ALE<\/a><\/td><\/tr><tr><td class=\"has-text-align-center\" data-align=\"center\"><a href=\"https:\/\/audrey-bart-gaudino-sage-femme.com\/index.php\/les-douleurs-perineales-et-la-thecartherapie-avec-winback\/\"><img loading=\"lazy\" decoding=\"async\" width=\"250\" height=\"250\" class=\"wp-image-108\" style=\"width: 250px;\" src=\"http:\/\/audrey-bart-gaudino-sage-femme.com\/wp-content\/uploads\/2024\/02\/IMG_0355-scaled.jpg\" alt=\"\" srcset=\"https:\/\/audrey-bart-gaudino-sage-femme.com\/wp-content\/uploads\/2024\/02\/IMG_0355-scaled.jpg 2560w, https:\/\/audrey-bart-gaudino-sage-femme.com\/wp-content\/uploads\/2024\/02\/IMG_0355-300x300.jpg 300w, https:\/\/audrey-bart-gaudino-sage-femme.com\/wp-content\/uploads\/2024\/02\/IMG_0355-1024x1024.jpg 1024w, https:\/\/audrey-bart-gaudino-sage-femme.com\/wp-content\/uploads\/2024\/02\/IMG_0355-150x150.jpg 150w, https:\/\/audrey-bart-gaudino-sage-femme.com\/wp-content\/uploads\/2024\/02\/IMG_0355-768x768.jpg 768w, https:\/\/audrey-bart-gaudino-sage-femme.com\/wp-content\/uploads\/2024\/02\/IMG_0355-1536x1536.jpg 1536w, https:\/\/audrey-bart-gaudino-sage-femme.com\/wp-content\/uploads\/2024\/02\/IMG_0355-2048x2048.jpg 2048w\" sizes=\"auto, (max-width: 250px) 100vw, 250px\" \/><\/a><\/td><td class=\"has-text-align-center\" data-align=\"center\"><a href=\"https:\/\/audrey-bart-gaudino-sage-femme.com\/index.php\/atelier-de-massage-parent-bebe\/\"><img loading=\"lazy\" decoding=\"async\" width=\"250\" height=\"250\" class=\"wp-image-107\" style=\"width: 250px;\" src=\"http:\/\/audrey-bart-gaudino-sage-femme.com\/wp-content\/uploads\/2024\/02\/IMG_0345.jpg\" alt=\"\" srcset=\"https:\/\/audrey-bart-gaudino-sage-femme.com\/wp-content\/uploads\/2024\/02\/IMG_0345.jpg 2128w, https:\/\/audrey-bart-gaudino-sage-femme.com\/wp-content\/uploads\/2024\/02\/IMG_0345-300x300.jpg 300w, https:\/\/audrey-bart-gaudino-sage-femme.com\/wp-content\/uploads\/2024\/02\/IMG_0345-1024x1024.jpg 1024w, https:\/\/audrey-bart-gaudino-sage-femme.com\/wp-content\/uploads\/2024\/02\/IMG_0345-150x150.jpg 150w, https:\/\/audrey-bart-gaudino-sage-femme.com\/wp-content\/uploads\/2024\/02\/IMG_0345-768x768.jpg 768w, https:\/\/audrey-bart-gaudino-sage-femme.com\/wp-content\/uploads\/2024\/02\/IMG_0345-1536x1536.jpg 1536w, https:\/\/audrey-bart-gaudino-sage-femme.com\/wp-content\/uploads\/2024\/02\/IMG_0345-2048x2048.jpg 2048w\" sizes=\"auto, (max-width: 250px) 100vw, 250px\" \/><\/a><\/td><td class=\"has-text-align-center\" data-align=\"center\"><a href=\"https:\/\/audrey-bart-gaudino-sage-femme.com\/index.php\/suivi-a-domicile\/\"><img loading=\"lazy\" decoding=\"async\" width=\"250\" height=\"250\" class=\"wp-image-106\" style=\"width: 250px;\" src=\"http:\/\/audrey-bart-gaudino-sage-femme.com\/wp-content\/uploads\/2024\/02\/IMG_0322.jpg\" alt=\"\" srcset=\"https:\/\/audrey-bart-gaudino-sage-femme.com\/wp-content\/uploads\/2024\/02\/IMG_0322.jpg 2390w, https:\/\/audrey-bart-gaudino-sage-femme.com\/wp-content\/uploads\/2024\/02\/IMG_0322-300x300.jpg 300w, https:\/\/audrey-bart-gaudino-sage-femme.com\/wp-content\/uploads\/2024\/02\/IMG_0322-1024x1024.jpg 1024w, https:\/\/audrey-bart-gaudino-sage-femme.com\/wp-content\/uploads\/2024\/02\/IMG_0322-150x150.jpg 150w, https:\/\/audrey-bart-gaudino-sage-femme.com\/wp-content\/uploads\/2024\/02\/IMG_0322-768x768.jpg 768w, https:\/\/audrey-bart-gaudino-sage-femme.com\/wp-content\/uploads\/2024\/02\/IMG_0322-1536x1536.jpg 1536w, https:\/\/audrey-bart-gaudino-sage-femme.com\/wp-content\/uploads\/2024\/02\/IMG_0322-2048x2048.jpg 2048w\" sizes=\"auto, (max-width: 250px) 100vw, 250px\" \/><\/a><\/td><\/tr><tr><td class=\"has-text-align-center\" data-align=\"center\"><a href=\"https:\/\/audrey-bart-gaudino-sage-femme.com\/index.php\/les-douleurs-perineales-et-la-thecartherapie-avec-winback\/\">T\u00c9CARTH\u00c9RAPIE\u00a0\/\u00a0RADIOFR\u00c9QUENCE<\/a><\/td><td class=\"has-text-align-center\" data-align=\"center\"><a href=\"https:\/\/audrey-bart-gaudino-sage-femme.com\/index.php\/atelier-de-massage-parent-bebe\/\">MASSAGE BEBE<\/a><\/td><td class=\"has-text-align-center\" data-align=\"center\"><a href=\"https:\/\/audrey-bart-gaudino-sage-femme.com\/index.php\/suivi-a-domicile\/\">SURVEILLANCE DE VOTRE GROSSESSE A DOMICILE<\/a><\/td><\/tr><\/tbody><\/table><\/figure>\n","protected":false},"excerpt":{"rendered":"<p>REPARATION A LA NAISSANCE ET A LA PARENTALITE SUIVI M\u00c9DICAL DE VOTRE GROSSESSE SUIVI POSTNATAL&nbsp; SUIVI GYN\u00c9COLOGIQUE CONSULTATION CONTRACEPTION R\u00c9\u00c9DUCATION&nbsp;P\u00c9RIN\u00c9ALE T\u00c9CARTH\u00c9RAPIE\u00a0\/\u00a0RADIOFR\u00c9QUENCE MASSAGE BEBE SURVEILLANCE DE<\/p>\n","protected":false},"author":1,"featured_media":0,"parent":0,"menu_order":0,"comment_status":"closed","ping_status":"open","template":"","meta":{"footnotes":""},"class_list":["post-2","page","type-page","status-publish","hentry"],"_links":{"self":[{"href":"https:\/\/audrey-bart-gaudino-sage-femme.com\/index.php\/wp-json\/wp\/v2\/pages\/2","targetHints":{"allow":["GET"]}}],"collection":[{"href":"https:\/\/audrey-bart-gaudino-sage-femme.com\/index.php\/wp-json\/wp\/v2\/pages"}],"about":[{"href":"https:\/\/audrey-bart-gaudino-sage-femme.com\/index.php\/wp-json\/wp\/v2\/types\/page"}],"author":[{"embeddable":true,"href":"https:\/\/audrey-bart-gaudino-sage-femme.com\/index.php\/wp-json\/wp\/v2\/users\/1"}],"replies":[{"embeddable":true,"href":"https:\/\/audrey-bart-gaudino-sage-femme.com\/index.php\/wp-json\/wp\/v2\/comments?post=2"}],"version-history":[{"count":30,"href":"https:\/\/audrey-bart-gaudino-sage-femme.com\/index.php\/wp-json\/wp\/v2\/pages\/2\/revisions"}],"predecessor-version":[{"id":195,"href":"https:\/\/audrey-bart-gaudino-sage-femme.com\/index.php\/wp-json\/wp\/v2\/pages\/2\/revisions\/195"}],"wp:attachment":[{"href":"https:\/\/audrey-bart-gaudino-sage-femme.com\/index.php\/wp-json\/wp\/v2\/media?parent=2"}],"curies":[{"name":"wp","href":"https:\/\/api.w.org\/{rel}","templated":true}]}}