{"id":21,"date":"2024-02-27T06:31:44","date_gmt":"2024-02-27T05:31:44","guid":{"rendered":"https:\/\/audrey-bart-gaudino-sage-femme.com\/?page_id=21"},"modified":"2024-02-27T16:15:26","modified_gmt":"2024-02-27T15:15:26","slug":"les-douleurs-perineales-et-la-thecartherapie-avec-winback","status":"publish","type":"page","link":"https:\/\/audrey-bart-gaudino-sage-femme.com\/index.php\/les-douleurs-perineales-et-la-thecartherapie-avec-winback\/","title":{"rendered":"LES DOULEURS P\u00c9RIN\u00c9ALES\u00a0ET LA THECARTHERAPIE\u00a0AVEC WINBACK"},"content":{"rendered":"\n<p class=\"has-text-align-left\">La t\u00e9carth\u00e9rapie ou radiofr\u00e9quence&nbsp; utilise un courant&nbsp;&nbsp;naturel et non-invasif \u00e0 haute fr\u00e9quence qui&nbsp;augmente le m\u00e9tabolisme et stimule&nbsp;les m\u00e9canismes naturels&nbsp;d\u2019auto-r\u00e9paration du corps en favorisant les \u00e9changes cellulaires. C&#8217;est une solution efficace et indolore pour lib\u00e9rer les tensions, soulager les douleurs pelviennes et acc\u00e9l\u00e9rer la cicatrisation du post-partum.<\/p>\n\n\n\n<p class=\"has-text-align-left\">Ses indications en gyn\u00e9cologie sont nombreuses:<br>&#8211; Douleurs pelviennes et p\u00e9rin\u00e9ales<br>&#8211; D\u00e9chirure, \u00e9pisiotomie<br>&#8211; \u0152d\u00e8mes, h\u00e9matomes<br>&#8211; Cicatrisation post c\u00e9sarienne<br>&#8211; Adh\u00e9rences, fibroses<br>&#8211; Vaginisme<br>&#8211; Vulvodynies<br>&#8211; Incontinences<br>&#8211; R\u00e9\u00e9ducation p\u00e9rin\u00e9ale<br>&#8211; H\u00e9morro\u00efdes<\/p>\n\n\n\n<p class=\"has-text-align-left\">Les effets de la TECAR th\u00e9rapie peuvent \u00eatre ressentis d\u00e8s la premi\u00e8re s\u00e9ance.&nbsp; Cette nouvelle technologie joue un r\u00f4le fondamental dans l\u2019am\u00e9lioration du quotidien des femmes et dans le processus de gu\u00e9rison : soulager les douleurs, aider \u00e0 une reprise d&#8217;activit\u00e9 physique, acc\u00e9l\u00e9rer la gu\u00e9rison, faire de la pr\u00e9vention\u2026<\/p>\n","protected":false},"excerpt":{"rendered":"<p>La t\u00e9carth\u00e9rapie ou radiofr\u00e9quence&nbsp; utilise un courant&nbsp;&nbsp;naturel et non-invasif \u00e0 haute fr\u00e9quence qui&nbsp;augmente le m\u00e9tabolisme et stimule&nbsp;les m\u00e9canismes naturels&nbsp;d\u2019auto-r\u00e9paration du corps en favorisant les \u00e9changes<\/p>\n","protected":false},"author":1,"featured_media":0,"parent":0,"menu_order":0,"comment_status":"closed","ping_status":"closed","template":"","meta":{"footnotes":""},"class_list":["post-21","page","type-page","status-publish","hentry"],"_links":{"self":[{"href":"https:\/\/audrey-bart-gaudino-sage-femme.com\/index.php\/wp-json\/wp\/v2\/pages\/21","targetHints":{"allow":["GET"]}}],"collection":[{"href":"https:\/\/audrey-bart-gaudino-sage-femme.com\/index.php\/wp-json\/wp\/v2\/pages"}],"about":[{"href":"https:\/\/audrey-bart-gaudino-sage-femme.com\/index.php\/wp-json\/wp\/v2\/types\/page"}],"author":[{"embeddable":true,"href":"https:\/\/audrey-bart-gaudino-sage-femme.com\/index.php\/wp-json\/wp\/v2\/users\/1"}],"replies":[{"embeddable":true,"href":"https:\/\/audrey-bart-gaudino-sage-femme.com\/index.php\/wp-json\/wp\/v2\/comments?post=21"}],"version-history":[{"count":4,"href":"https:\/\/audrey-bart-gaudino-sage-femme.com\/index.php\/wp-json\/wp\/v2\/pages\/21\/revisions"}],"predecessor-version":[{"id":147,"href":"https:\/\/audrey-bart-gaudino-sage-femme.com\/index.php\/wp-json\/wp\/v2\/pages\/21\/revisions\/147"}],"wp:attachment":[{"href":"https:\/\/audrey-bart-gaudino-sage-femme.com\/index.php\/wp-json\/wp\/v2\/media?parent=21"}],"curies":[{"name":"wp","href":"https:\/\/api.w.org\/{rel}","templated":true}]}}