{"id":23,"date":"2024-02-27T06:32:40","date_gmt":"2024-02-27T05:32:40","guid":{"rendered":"https:\/\/audrey-bart-gaudino-sage-femme.com\/?page_id=23"},"modified":"2024-02-27T16:11:33","modified_gmt":"2024-02-27T15:11:33","slug":"atelier-de-massage-parent-bebe","status":"publish","type":"page","link":"https:\/\/audrey-bart-gaudino-sage-femme.com\/index.php\/atelier-de-massage-parent-bebe\/","title":{"rendered":"ATELIER DE\u00a0MASSAGE PARENT-BEBE"},"content":{"rendered":"\n<p class=\"has-text-align-left has-large-font-size\"><\/p>\n\n\n\n<p class=\"has-text-align-left\">&#8211; Pourquoi apprendre \u00e0 masser votre b\u00e9b\u00e9 ?<br>Pour lui offrir un toucher nourrissant<br>Pour le soulager de ses petits maux ( coliques, douleurs dentaires..)<br>Pour le d\u00e9tendre, l&#8217;aider \u00e0 s&#8217;auto-r\u00e9guler<br>Pour renforcer votre lien d&#8217;attachement<br>Pour vous offrir un moment privil\u00e9gi\u00e9 \u00e0 vous et \u00e0 votre b\u00e9b\u00e9<\/p>\n\n\n\n<p class=\"has-text-align-left\">&#8211; Pourquoi choisir cet atelier avec le programme de l&#8217;AFMB ( Association Fran\u00e7aise de Massage B\u00e9b\u00e9):<br>Parce que vous serez accompagn\u00e9e par une instructrice certifi\u00e9e qui vous guide en montrant les gestes sur un poupon<br>Parce que \u00e0 tout moment les besoins de votre b\u00e9b\u00e9 seront entendus et respect\u00e9s<br>Parce que tous les gestes sont homologu\u00e9s et bienfaisants<br>Parce qu&#8217;on vous enseignera un encha\u00eenement complet que vous aurez le temps d&#8217;assimiler.<\/p>\n\n\n\n<p class=\"has-text-align-left\">&#8211; Le groupe est compos\u00e9 de 2 \u00e0 3 b\u00e9b\u00e9s et de leurs parents<\/p>\n\n\n\n<p class=\"has-text-align-left\">&#8211; Possibilit\u00e9 de faire des ateliers&nbsp;individuels.<\/p>\n\n\n\n<figure class=\"wp-block-table\"><table><tbody><tr><td class=\"has-text-align-left\" data-align=\"left\"><strong>Renseignements et r\u00e9servation&nbsp; : 06 51 39 08 60<\/strong><\/td><\/tr><\/tbody><\/table><\/figure>\n","protected":false},"excerpt":{"rendered":"<p>&#8211; Pourquoi apprendre \u00e0 masser votre b\u00e9b\u00e9 ?Pour lui offrir un toucher nourrissantPour le soulager de ses petits maux ( coliques, douleurs dentaires..)Pour le d\u00e9tendre,<\/p>\n","protected":false},"author":1,"featured_media":0,"parent":0,"menu_order":0,"comment_status":"closed","ping_status":"closed","template":"","meta":{"footnotes":""},"class_list":["post-23","page","type-page","status-publish","hentry"],"_links":{"self":[{"href":"https:\/\/audrey-bart-gaudino-sage-femme.com\/index.php\/wp-json\/wp\/v2\/pages\/23","targetHints":{"allow":["GET"]}}],"collection":[{"href":"https:\/\/audrey-bart-gaudino-sage-femme.com\/index.php\/wp-json\/wp\/v2\/pages"}],"about":[{"href":"https:\/\/audrey-bart-gaudino-sage-femme.com\/index.php\/wp-json\/wp\/v2\/types\/page"}],"author":[{"embeddable":true,"href":"https:\/\/audrey-bart-gaudino-sage-femme.com\/index.php\/wp-json\/wp\/v2\/users\/1"}],"replies":[{"embeddable":true,"href":"https:\/\/audrey-bart-gaudino-sage-femme.com\/index.php\/wp-json\/wp\/v2\/comments?post=23"}],"version-history":[{"count":8,"href":"https:\/\/audrey-bart-gaudino-sage-femme.com\/index.php\/wp-json\/wp\/v2\/pages\/23\/revisions"}],"predecessor-version":[{"id":159,"href":"https:\/\/audrey-bart-gaudino-sage-femme.com\/index.php\/wp-json\/wp\/v2\/pages\/23\/revisions\/159"}],"wp:attachment":[{"href":"https:\/\/audrey-bart-gaudino-sage-femme.com\/index.php\/wp-json\/wp\/v2\/media?parent=23"}],"curies":[{"name":"wp","href":"https:\/\/api.w.org\/{rel}","templated":true}]}}