{"id":5,"date":"2024-02-27T06:22:38","date_gmt":"2024-02-27T05:22:38","guid":{"rendered":"https:\/\/audrey-bart-gaudino-sage-femme.com\/?page_id=5"},"modified":"2024-02-27T16:17:16","modified_gmt":"2024-02-27T15:17:16","slug":"suivi-medical-de-votre-grossesse","status":"publish","type":"page","link":"https:\/\/audrey-bart-gaudino-sage-femme.com\/index.php\/suivi-medical-de-votre-grossesse\/","title":{"rendered":"SUIVI MEDICAL DE VOTRE GROSSESSE"},"content":{"rendered":"\n<p class=\"has-text-align-left\">La sage femme peut vous prescrire le test de grossesse sanguin \u00e0 faire en laboratoire. <br>D\u00e8s votre grossesse confirm\u00e9e, elle vous suivra tous les mois jusqu&#8217;\u00e0 ce que la maternit\u00e9 de votre choix vous prenne en charge.<\/p>\n\n\n\n<p class=\"has-text-align-left\">Elle fera la d\u00e9claration de grossesse et prescrira les examens n\u00e9cessaires et recommand\u00e9s au cours des consultations mensuelles .<br>Si une une pathologie est d\u00e9couverte pendant votre grossesse, la sage-femme vous r\u00e9f\u00e9rera vers un obst\u00e9tricien (ou un autre sp\u00e9cialiste) afin d\u2019effectuer un suivi conjoint.\u00a0\u00a0<\/p>\n\n\n\n<p class=\"has-text-align-left\">Vous avez h\u00e2te de quitter la maternit\u00e9 pour profiter des premiers instants de votre nouveau-n\u00e9 . <br>Vous et votre b\u00e9b\u00e9 pouvez \u00eatre suivis par une sage-femme \u00e0 domicile d\u00e8s votre retour \u00e0 la maison.<\/p>\n","protected":false},"excerpt":{"rendered":"<p>La sage femme peut vous prescrire le test de grossesse sanguin \u00e0 faire en laboratoire. D\u00e8s votre grossesse confirm\u00e9e, elle vous suivra tous les mois<\/p>\n","protected":false},"author":1,"featured_media":0,"parent":0,"menu_order":0,"comment_status":"closed","ping_status":"closed","template":"","meta":{"footnotes":""},"class_list":["post-5","page","type-page","status-publish","hentry"],"_links":{"self":[{"href":"https:\/\/audrey-bart-gaudino-sage-femme.com\/index.php\/wp-json\/wp\/v2\/pages\/5","targetHints":{"allow":["GET"]}}],"collection":[{"href":"https:\/\/audrey-bart-gaudino-sage-femme.com\/index.php\/wp-json\/wp\/v2\/pages"}],"about":[{"href":"https:\/\/audrey-bart-gaudino-sage-femme.com\/index.php\/wp-json\/wp\/v2\/types\/page"}],"author":[{"embeddable":true,"href":"https:\/\/audrey-bart-gaudino-sage-femme.com\/index.php\/wp-json\/wp\/v2\/users\/1"}],"replies":[{"embeddable":true,"href":"https:\/\/audrey-bart-gaudino-sage-femme.com\/index.php\/wp-json\/wp\/v2\/comments?post=5"}],"version-history":[{"count":4,"href":"https:\/\/audrey-bart-gaudino-sage-femme.com\/index.php\/wp-json\/wp\/v2\/pages\/5\/revisions"}],"predecessor-version":[{"id":162,"href":"https:\/\/audrey-bart-gaudino-sage-femme.com\/index.php\/wp-json\/wp\/v2\/pages\/5\/revisions\/162"}],"wp:attachment":[{"href":"https:\/\/audrey-bart-gaudino-sage-femme.com\/index.php\/wp-json\/wp\/v2\/media?parent=5"}],"curies":[{"name":"wp","href":"https:\/\/api.w.org\/{rel}","templated":true}]}}