{"id":8,"date":"2024-02-27T06:25:30","date_gmt":"2024-02-27T05:25:30","guid":{"rendered":"https:\/\/audrey-bart-gaudino-sage-femme.com\/?page_id=8"},"modified":"2024-02-27T16:16:09","modified_gmt":"2024-02-27T15:16:09","slug":"suivi-a-domicile","status":"publish","type":"page","link":"https:\/\/audrey-bart-gaudino-sage-femme.com\/index.php\/suivi-a-domicile\/","title":{"rendered":"SUIVI A DOMICILE\u00a0\u00a0"},"content":{"rendered":"\n<p class=\"has-text-align-left\"><br>Sur prescription m\u00e9dicale, la sage femme peut vous suivre pendant votre grossesse \u00e0 votre domicile ou \u00e0 son cabinet, pour la pose d\u2019un monitoring et la surveillance de votre tension. &nbsp;<br>Ce suivi m\u00e9dical est n\u00e9cessaire en cas de menace d&#8217;accouchement pr\u00e9matur\u00e9, de diab\u00e8te gestationnel, de grossesse g\u00e9mellaire , d&#8217;hypertension art\u00e9rielle&#8230;<br>Ces temps seront aussi l&#8217;occasion d&#8217;\u00e9changer autour de cette future naissance et d&#8217;apaiser vos inqui\u00e9tudes en r\u00e9pondant \u00e0 vos questions et en vous donnant les conseils appropri\u00e9s.<br>Ces visites sont prises en charge \u00e0 100% par la S\u00e9curit\u00e9 Sociale.&nbsp;<\/p>\n","protected":false},"excerpt":{"rendered":"<p>Sur prescription m\u00e9dicale, la sage femme peut vous suivre pendant votre grossesse \u00e0 votre domicile ou \u00e0 son cabinet, pour la pose d\u2019un monitoring et<\/p>\n","protected":false},"author":1,"featured_media":0,"parent":0,"menu_order":0,"comment_status":"closed","ping_status":"closed","template":"","meta":{"footnotes":""},"class_list":["post-8","page","type-page","status-publish","hentry"],"_links":{"self":[{"href":"https:\/\/audrey-bart-gaudino-sage-femme.com\/index.php\/wp-json\/wp\/v2\/pages\/8","targetHints":{"allow":["GET"]}}],"collection":[{"href":"https:\/\/audrey-bart-gaudino-sage-femme.com\/index.php\/wp-json\/wp\/v2\/pages"}],"about":[{"href":"https:\/\/audrey-bart-gaudino-sage-femme.com\/index.php\/wp-json\/wp\/v2\/types\/page"}],"author":[{"embeddable":true,"href":"https:\/\/audrey-bart-gaudino-sage-femme.com\/index.php\/wp-json\/wp\/v2\/users\/1"}],"replies":[{"embeddable":true,"href":"https:\/\/audrey-bart-gaudino-sage-femme.com\/index.php\/wp-json\/wp\/v2\/comments?post=8"}],"version-history":[{"count":2,"href":"https:\/\/audrey-bart-gaudino-sage-femme.com\/index.php\/wp-json\/wp\/v2\/pages\/8\/revisions"}],"predecessor-version":[{"id":150,"href":"https:\/\/audrey-bart-gaudino-sage-femme.com\/index.php\/wp-json\/wp\/v2\/pages\/8\/revisions\/150"}],"wp:attachment":[{"href":"https:\/\/audrey-bart-gaudino-sage-femme.com\/index.php\/wp-json\/wp\/v2\/media?parent=8"}],"curies":[{"name":"wp","href":"https:\/\/api.w.org\/{rel}","templated":true}]}}